{"id":21658,"date":"2025-03-23T20:10:52","date_gmt":"2025-03-23T19:10:52","guid":{"rendered":"https:\/\/auto-importde.com\/index.php\/produit\/range-rover-evoque-dynamic\/"},"modified":"2025-03-23T20:10:55","modified_gmt":"2025-03-23T19:10:55","slug":"range-rover-evoque-dynamic","status":"publish","type":"product","link":"https:\/\/auto-importde.com\/index.php\/produit\/range-rover-evoque-dynamic\/","title":{"rendered":"Range Rover Evoque Dynamic"},"content":{"rendered":"<p>Land Rover Range Rover Evoque<\/p>\n<p>Range Rover Evoque Dynamic | 150 ch | 2013 | 134 000<\/p>\n<p>km | DIESEL | AUTOMATIQUE<\/p>\n<p>GARANTIE : 24 MOIS<\/p>\n<p>Importation Allemande<\/p>\n<p>V\u00e9hicule disponible sur commande IMPORTATION<\/p>\n<p>ALLEMANDE vers tout pays Europ\u00e9ens<\/p>\n<p>\u00a0\u00bb GARANTIE EUROP\u00c9ENNE<\/p>\n<p>Nous nous occupons de toutes les d\u00e9marches d&rsquo;importation jusqu&rsquo;\u00e0 la livraison a votre domicile. D\u00e9lais de livraison 5 jours \/ D\u00e9lai de r\u00e9tractation 14 JOURS<\/p>\n<p>(Satisfait ou rembours\u00e9)<\/p>\n","protected":false},"excerpt":{"rendered":"<p>Land Rover Range Rover Evoque Range Rover Evoque Dynamic | 150 ch | 2013 | 134 000 km | DIESEL<\/p>\n","protected":false},"featured_media":21638,"comment_status":"open","ping_status":"closed","template":"","meta":[],"product_brand":[],"product_cat":[72],"product_tag":[],"class_list":{"0":"post-21658","1":"product","2":"type-product","3":"status-publish","4":"has-post-thumbnail","6":"product_cat-range-rover","8":"first","9":"instock","10":"sale","11":"shipping-taxable","12":"purchasable","13":"product-type-simple"},"_links":{"self":[{"href":"https:\/\/auto-importde.com\/index.php\/wp-json\/wp\/v2\/product\/21658","targetHints":{"allow":["GET"]}}],"collection":[{"href":"https:\/\/auto-importde.com\/index.php\/wp-json\/wp\/v2\/product"}],"about":[{"href":"https:\/\/auto-importde.com\/index.php\/wp-json\/wp\/v2\/types\/product"}],"replies":[{"embeddable":true,"href":"https:\/\/auto-importde.com\/index.php\/wp-json\/wp\/v2\/comments?post=21658"}],"version-history":[{"count":0,"href":"https:\/\/auto-importde.com\/index.php\/wp-json\/wp\/v2\/product\/21658\/revisions"}],"wp:featuredmedia":[{"embeddable":true,"href":"https:\/\/auto-importde.com\/index.php\/wp-json\/wp\/v2\/media\/21638"}],"wp:attachment":[{"href":"https:\/\/auto-importde.com\/index.php\/wp-json\/wp\/v2\/media?parent=21658"}],"wp:term":[{"taxonomy":"product_brand","embeddable":true,"href":"https:\/\/auto-importde.com\/index.php\/wp-json\/wp\/v2\/product_brand?post=21658"},{"taxonomy":"product_cat","embeddable":true,"href":"https:\/\/auto-importde.com\/index.php\/wp-json\/wp\/v2\/product_cat?post=21658"},{"taxonomy":"product_tag","embeddable":true,"href":"https:\/\/auto-importde.com\/index.php\/wp-json\/wp\/v2\/product_tag?post=21658"}],"curies":[{"name":"wp","href":"https:\/\/api.w.org\/{rel}","templated":true}]}}