{"id":21969,"date":"2025-04-05T23:56:49","date_gmt":"2025-04-05T21:56:49","guid":{"rendered":"https:\/\/auto-importde.com\/index.php\/produit\/peugeot-508\/"},"modified":"2025-04-05T23:56:51","modified_gmt":"2025-04-05T21:56:51","slug":"peugeot-508","status":"publish","type":"product","link":"https:\/\/auto-importde.com\/index.php\/produit\/peugeot-508\/","title":{"rendered":"Peugeot 508"},"content":{"rendered":"<p>Peugeot 508<\/p>\n<p>Peugeot 508 | 130 ch | 2019 | 64 400 km | DIESEL |<\/p>\n<p>AUTOMATIQUE<\/p>\n<p>Chaque v\u00e9hicule est s\u00e9lectionn\u00e9 et inspect\u00e9 par nos experts pour une qualit\u00e9 et une fiabilit\u00e9 compl\u00e8tes.<\/p>\n<p>Nous croyons en la norme que nous apportons &#8211; pas seulement une voiture, mais une exp\u00e9rience!<\/p>\n<p>Garantie:24 mois<\/p>\n<p>Importation Allemande<\/p>\n<p>Nous nous occupons de toutes les d\u00e9marches d&rsquo;importation jusqu&rsquo;\u00e0 la livraison a votre domicile. D\u00e9lais de livraison 5 jours<\/p>\n<p>Plus d&rsquo;informations, Veuillez nous envoyer la photo de l&rsquo;annonce ou de la voiture qui vous int\u00e9resse EN MESSAGERIE PRIV\u00c9E.<\/p>\n","protected":false},"excerpt":{"rendered":"<p>Peugeot 508 Peugeot 508 | 130 ch | 2019 | 64 400 km | DIESEL | AUTOMATIQUE Chaque v\u00e9hicule est<\/p>\n","protected":false},"featured_media":21958,"comment_status":"open","ping_status":"closed","template":"","meta":[],"product_brand":[],"product_cat":[71],"product_tag":[],"class_list":{"0":"post-21969","1":"product","2":"type-product","3":"status-publish","4":"has-post-thumbnail","6":"product_cat-peugeot","8":"first","9":"instock","10":"sale","11":"shipping-taxable","12":"purchasable","13":"product-type-simple"},"_links":{"self":[{"href":"https:\/\/auto-importde.com\/index.php\/wp-json\/wp\/v2\/product\/21969","targetHints":{"allow":["GET"]}}],"collection":[{"href":"https:\/\/auto-importde.com\/index.php\/wp-json\/wp\/v2\/product"}],"about":[{"href":"https:\/\/auto-importde.com\/index.php\/wp-json\/wp\/v2\/types\/product"}],"replies":[{"embeddable":true,"href":"https:\/\/auto-importde.com\/index.php\/wp-json\/wp\/v2\/comments?post=21969"}],"version-history":[{"count":0,"href":"https:\/\/auto-importde.com\/index.php\/wp-json\/wp\/v2\/product\/21969\/revisions"}],"wp:featuredmedia":[{"embeddable":true,"href":"https:\/\/auto-importde.com\/index.php\/wp-json\/wp\/v2\/media\/21958"}],"wp:attachment":[{"href":"https:\/\/auto-importde.com\/index.php\/wp-json\/wp\/v2\/media?parent=21969"}],"wp:term":[{"taxonomy":"product_brand","embeddable":true,"href":"https:\/\/auto-importde.com\/index.php\/wp-json\/wp\/v2\/product_brand?post=21969"},{"taxonomy":"product_cat","embeddable":true,"href":"https:\/\/auto-importde.com\/index.php\/wp-json\/wp\/v2\/product_cat?post=21969"},{"taxonomy":"product_tag","embeddable":true,"href":"https:\/\/auto-importde.com\/index.php\/wp-json\/wp\/v2\/product_tag?post=21969"}],"curies":[{"name":"wp","href":"https:\/\/api.w.org\/{rel}","templated":true}]}}