{"id":22553,"date":"2025-04-13T19:51:02","date_gmt":"2025-04-13T17:51:02","guid":{"rendered":"https:\/\/auto-importde.com\/index.php\/produit\/peugeot-2008-e\/"},"modified":"2025-04-13T19:51:04","modified_gmt":"2025-04-13T17:51:04","slug":"peugeot-2008-e","status":"publish","type":"product","link":"https:\/\/auto-importde.com\/index.php\/produit\/peugeot-2008-e\/","title":{"rendered":"Peugeot 2008 E"},"content":{"rendered":"<p>Peugeot 2008 E &#8211; SUPPORT DE PISTE WLTP 340KM NAVI<\/p>\n<p>CRUISE<\/p>\n<p>2021\/\/ 4 000 Km ( Certifi\u00e9e) \/ \u00c9lectrique\/Automatique \/<\/p>\n<p>136 CH \/<\/p>\n<p>GARANTIE : 24 MOIS<\/p>\n<p>Importation Allemande<\/p>\n<p>V\u00e9hicule disponible sur commande IMPORTATION<\/p>\n<p>ALLEMANDE vers tout pays Europ\u00e9ens<\/p>\n<p>\u00a0\u00bb GARANTIE EUROP\u00c9ENNE<\/p>\n<p>Nous nous occupons de toutes les d\u00e9marches d&rsquo;importation jusqu&rsquo;\u00e0 la livraison a votre domicile. D\u00e9lais de livraison 5 jours \/ D\u00e9lai de r\u00e9tractation 14 JOURS<\/p>\n<p>(Satisfait ou rembours\u00e9)<\/p>\n","protected":false},"excerpt":{"rendered":"<p>Peugeot 2008 E &#8211; SUPPORT DE PISTE WLTP 340KM NAVI CRUISE 2021\/\/ 4 000 Km ( Certifi\u00e9e) \/ \u00c9lectrique\/Automatique \/<\/p>\n","protected":false},"featured_media":22551,"comment_status":"open","ping_status":"closed","template":"","meta":[],"product_brand":[],"product_cat":[71],"product_tag":[],"class_list":{"0":"post-22553","1":"product","2":"type-product","3":"status-publish","4":"has-post-thumbnail","6":"product_cat-peugeot","8":"first","9":"instock","10":"sale","11":"shipping-taxable","12":"purchasable","13":"product-type-simple"},"_links":{"self":[{"href":"https:\/\/auto-importde.com\/index.php\/wp-json\/wp\/v2\/product\/22553","targetHints":{"allow":["GET"]}}],"collection":[{"href":"https:\/\/auto-importde.com\/index.php\/wp-json\/wp\/v2\/product"}],"about":[{"href":"https:\/\/auto-importde.com\/index.php\/wp-json\/wp\/v2\/types\/product"}],"replies":[{"embeddable":true,"href":"https:\/\/auto-importde.com\/index.php\/wp-json\/wp\/v2\/comments?post=22553"}],"version-history":[{"count":0,"href":"https:\/\/auto-importde.com\/index.php\/wp-json\/wp\/v2\/product\/22553\/revisions"}],"wp:featuredmedia":[{"embeddable":true,"href":"https:\/\/auto-importde.com\/index.php\/wp-json\/wp\/v2\/media\/22551"}],"wp:attachment":[{"href":"https:\/\/auto-importde.com\/index.php\/wp-json\/wp\/v2\/media?parent=22553"}],"wp:term":[{"taxonomy":"product_brand","embeddable":true,"href":"https:\/\/auto-importde.com\/index.php\/wp-json\/wp\/v2\/product_brand?post=22553"},{"taxonomy":"product_cat","embeddable":true,"href":"https:\/\/auto-importde.com\/index.php\/wp-json\/wp\/v2\/product_cat?post=22553"},{"taxonomy":"product_tag","embeddable":true,"href":"https:\/\/auto-importde.com\/index.php\/wp-json\/wp\/v2\/product_tag?post=22553"}],"curies":[{"name":"wp","href":"https:\/\/api.w.org\/{rel}","templated":true}]}}