{"id":22588,"date":"2025-04-13T20:08:18","date_gmt":"2025-04-13T18:08:18","guid":{"rendered":"https:\/\/auto-importde.com\/index.php\/produit\/bmw-x4xdrive20i\/"},"modified":"2025-04-13T20:08:19","modified_gmt":"2025-04-13T18:08:19","slug":"bmw-x4xdrive20i","status":"publish","type":"product","link":"https:\/\/auto-importde.com\/index.php\/produit\/bmw-x4xdrive20i\/","title":{"rendered":"BMW X4\nxDrive20i"},"content":{"rendered":"<p>BMW X4<\/p>\n<p>xDrive20i<\/p>\n<p>Caract\u00e9ristiques principales:<\/p>\n<p>\ufeff\ufeffAnn\u00e9e mod\u00e8le : 06\/2018<\/p>\n<p>\ufeff\ufeffKilom\u00e9trage: 52 352 km<\/p>\n<p>\ufeff\ufeffBo\u00eete de vitesse : Automatique<\/p>\n<p>\ufeff\ufeffMotorisation : Essence<\/p>\n<p>\ufeff\ufeffNombre de places : 5 places<\/p>\n<p>\ufeff\ufeffPuissance : 184 CV<\/p>\n<p>\ufeff\ufeffCylindr\u00e9e : 2 litres<\/p>\n<p>\ufeff\ufeffEmission de CO2: 166 g\/km<\/p>\n<p>\ufeff\ufeffTransmission : Quatre roues motrices<\/p>\n<p>GARANTIE : 24 MOIS<\/p>\n<p>Importation Allemande &#8211;<\/p>\n<p>V\u00e9hicule disponible sur commande IMPORTATION<\/p>\n<p>ALLEMANDE vers tout pays Europ\u00e9ens<\/p>\n<p>\u00a0\u00bb GARANTIE EUROP\u00c9ENNE<\/p>\n<p>Nous nous occupons de toutes les d\u00e9marches d&rsquo;importation jusqu&rsquo;\u00e0 la livraison a votre domicile. D\u00e9lais de livraison 5 jours \/ D\u00e9lai de r\u00e9tractation 14 JOURS<\/p>\n<p>(Satisfait ou rembours\u00e9)<\/p>\n","protected":false},"excerpt":{"rendered":"<p>BMW X4 xDrive20i Caract\u00e9ristiques principales: \ufeff\ufeffAnn\u00e9e mod\u00e8le : 06\/2018 \ufeff\ufeffKilom\u00e9trage: 52 352 km \ufeff\ufeffBo\u00eete de vitesse : Automatique \ufeff\ufeffMotorisation :<\/p>\n","protected":false},"featured_media":22576,"comment_status":"open","ping_status":"closed","template":"","meta":[],"product_brand":[],"product_cat":[74],"product_tag":[],"class_list":{"0":"post-22588","1":"product","2":"type-product","3":"status-publish","4":"has-post-thumbnail","6":"product_cat-bmw","8":"first","9":"instock","10":"sale","11":"shipping-taxable","12":"purchasable","13":"product-type-simple"},"_links":{"self":[{"href":"https:\/\/auto-importde.com\/index.php\/wp-json\/wp\/v2\/product\/22588","targetHints":{"allow":["GET"]}}],"collection":[{"href":"https:\/\/auto-importde.com\/index.php\/wp-json\/wp\/v2\/product"}],"about":[{"href":"https:\/\/auto-importde.com\/index.php\/wp-json\/wp\/v2\/types\/product"}],"replies":[{"embeddable":true,"href":"https:\/\/auto-importde.com\/index.php\/wp-json\/wp\/v2\/comments?post=22588"}],"version-history":[{"count":0,"href":"https:\/\/auto-importde.com\/index.php\/wp-json\/wp\/v2\/product\/22588\/revisions"}],"wp:featuredmedia":[{"embeddable":true,"href":"https:\/\/auto-importde.com\/index.php\/wp-json\/wp\/v2\/media\/22576"}],"wp:attachment":[{"href":"https:\/\/auto-importde.com\/index.php\/wp-json\/wp\/v2\/media?parent=22588"}],"wp:term":[{"taxonomy":"product_brand","embeddable":true,"href":"https:\/\/auto-importde.com\/index.php\/wp-json\/wp\/v2\/product_brand?post=22588"},{"taxonomy":"product_cat","embeddable":true,"href":"https:\/\/auto-importde.com\/index.php\/wp-json\/wp\/v2\/product_cat?post=22588"},{"taxonomy":"product_tag","embeddable":true,"href":"https:\/\/auto-importde.com\/index.php\/wp-json\/wp\/v2\/product_tag?post=22588"}],"curies":[{"name":"wp","href":"https:\/\/api.w.org\/{rel}","templated":true}]}}