{"id":22912,"date":"2025-04-29T00:52:26","date_gmt":"2025-04-28T22:52:26","guid":{"rendered":"https:\/\/auto-importde.com\/index.php\/produit\/audi-q3-3\/"},"modified":"2025-04-29T00:52:28","modified_gmt":"2025-04-28T22:52:28","slug":"audi-q3-3","status":"publish","type":"product","link":"https:\/\/auto-importde.com\/index.php\/produit\/audi-q3-3\/","title":{"rendered":"AUDI Q3"},"content":{"rendered":"<p>AUDI Q3<\/p>\n<p>Ann\u00e9e: 06.2017<\/p>\n<p>Kilom\u00e9trage: 150 000 Km (Certifi\u00e9)<\/p>\n<p>Puissance: 150 CH<\/p>\n<p>Energie : Essence DU<\/p>\n<p>Bo\u00eete de vitesse : Automatique<\/p>\n<p>GARANTIE : 18 MOIS<\/p>\n<p>Jamais Accident\u00e9<\/p>\n","protected":false},"excerpt":{"rendered":"<p>AUDI Q3 Ann\u00e9e: 06.2017 Kilom\u00e9trage: 150 000 Km (Certifi\u00e9) Puissance: 150 CH Energie : Essence DU Bo\u00eete de vitesse :<\/p>\n","protected":false},"featured_media":22897,"comment_status":"open","ping_status":"closed","template":"","meta":[],"product_brand":[],"product_cat":[77],"product_tag":[],"class_list":{"0":"post-22912","1":"product","2":"type-product","3":"status-publish","4":"has-post-thumbnail","6":"product_cat-audi","8":"first","9":"instock","10":"sale","11":"shipping-taxable","12":"purchasable","13":"product-type-simple"},"_links":{"self":[{"href":"https:\/\/auto-importde.com\/index.php\/wp-json\/wp\/v2\/product\/22912","targetHints":{"allow":["GET"]}}],"collection":[{"href":"https:\/\/auto-importde.com\/index.php\/wp-json\/wp\/v2\/product"}],"about":[{"href":"https:\/\/auto-importde.com\/index.php\/wp-json\/wp\/v2\/types\/product"}],"replies":[{"embeddable":true,"href":"https:\/\/auto-importde.com\/index.php\/wp-json\/wp\/v2\/comments?post=22912"}],"version-history":[{"count":0,"href":"https:\/\/auto-importde.com\/index.php\/wp-json\/wp\/v2\/product\/22912\/revisions"}],"wp:featuredmedia":[{"embeddable":true,"href":"https:\/\/auto-importde.com\/index.php\/wp-json\/wp\/v2\/media\/22897"}],"wp:attachment":[{"href":"https:\/\/auto-importde.com\/index.php\/wp-json\/wp\/v2\/media?parent=22912"}],"wp:term":[{"taxonomy":"product_brand","embeddable":true,"href":"https:\/\/auto-importde.com\/index.php\/wp-json\/wp\/v2\/product_brand?post=22912"},{"taxonomy":"product_cat","embeddable":true,"href":"https:\/\/auto-importde.com\/index.php\/wp-json\/wp\/v2\/product_cat?post=22912"},{"taxonomy":"product_tag","embeddable":true,"href":"https:\/\/auto-importde.com\/index.php\/wp-json\/wp\/v2\/product_tag?post=22912"}],"curies":[{"name":"wp","href":"https:\/\/api.w.org\/{rel}","templated":true}]}}