{"id":22933,"date":"2025-04-29T00:55:32","date_gmt":"2025-04-28T22:55:32","guid":{"rendered":"https:\/\/auto-importde.com\/index.php\/produit\/mercedes-benz-classe-c-180\/"},"modified":"2025-04-29T00:55:34","modified_gmt":"2025-04-28T22:55:34","slug":"mercedes-benz-classe-c-180","status":"publish","type":"product","link":"https:\/\/auto-importde.com\/index.php\/produit\/mercedes-benz-classe-c-180\/","title":{"rendered":"Mercedes-Benz Classe C 180"},"content":{"rendered":"<p>Mercedes-Benz Classe C 180 Avantgarde<\/p>\n<p>Ann\u00e9e : 06.2013<\/p>\n<p>Kilom\u00e9trage: 100 776 Km (Certifi\u00e9)<\/p>\n<p>Puissance: 120 CH<\/p>\n<p>\u00c9nergie : Diesel<\/p>\n<p>Bo\u00eete de vitesse : Automatique<\/p>\n<p>V GARANTIE : 18 MOIS<\/p>\n<p>Jamais Accident\u00e9<\/p>\n","protected":false},"excerpt":{"rendered":"<p>Mercedes-Benz Classe C 180 Avantgarde Ann\u00e9e : 06.2013 Kilom\u00e9trage: 100 776 Km (Certifi\u00e9) Puissance: 120 CH \u00c9nergie : Diesel Bo\u00eete<\/p>\n","protected":false},"featured_media":22915,"comment_status":"open","ping_status":"closed","template":"","meta":[],"product_brand":[],"product_cat":[70],"product_tag":[],"class_list":{"0":"post-22933","1":"product","2":"type-product","3":"status-publish","4":"has-post-thumbnail","6":"product_cat-mercedes","8":"first","9":"instock","10":"sale","11":"shipping-taxable","12":"purchasable","13":"product-type-simple"},"_links":{"self":[{"href":"https:\/\/auto-importde.com\/index.php\/wp-json\/wp\/v2\/product\/22933","targetHints":{"allow":["GET"]}}],"collection":[{"href":"https:\/\/auto-importde.com\/index.php\/wp-json\/wp\/v2\/product"}],"about":[{"href":"https:\/\/auto-importde.com\/index.php\/wp-json\/wp\/v2\/types\/product"}],"replies":[{"embeddable":true,"href":"https:\/\/auto-importde.com\/index.php\/wp-json\/wp\/v2\/comments?post=22933"}],"version-history":[{"count":0,"href":"https:\/\/auto-importde.com\/index.php\/wp-json\/wp\/v2\/product\/22933\/revisions"}],"wp:featuredmedia":[{"embeddable":true,"href":"https:\/\/auto-importde.com\/index.php\/wp-json\/wp\/v2\/media\/22915"}],"wp:attachment":[{"href":"https:\/\/auto-importde.com\/index.php\/wp-json\/wp\/v2\/media?parent=22933"}],"wp:term":[{"taxonomy":"product_brand","embeddable":true,"href":"https:\/\/auto-importde.com\/index.php\/wp-json\/wp\/v2\/product_brand?post=22933"},{"taxonomy":"product_cat","embeddable":true,"href":"https:\/\/auto-importde.com\/index.php\/wp-json\/wp\/v2\/product_cat?post=22933"},{"taxonomy":"product_tag","embeddable":true,"href":"https:\/\/auto-importde.com\/index.php\/wp-json\/wp\/v2\/product_tag?post=22933"}],"curies":[{"name":"wp","href":"https:\/\/api.w.org\/{rel}","templated":true}]}}